{"id":25267,"date":"2022-09-13T13:08:25","date_gmt":"2022-09-13T17:08:25","guid":{"rendered":"https:\/\/bcyclespin.com\/?page_id=25267"},"modified":"2026-03-10T12:01:32","modified_gmt":"2026-03-10T16:01:32","slug":"book-a-private","status":"publish","type":"page","link":"https:\/\/bcyclespin.com\/fr\/book-a-private\/","title":{"rendered":"R\u00e9server un cours priv\u00e9!"},"content":{"rendered":"<div data-elementor-type=\"wp-page\" data-elementor-id=\"25267\" class=\"elementor elementor-25267\" data-elementor-settings=\"{&quot;ha_cmc_init_switcher&quot;:&quot;no&quot;}\" data-elementor-post-type=\"page\">\n\t\t\t\t\t\t<section class=\"elementor-section elementor-top-section elementor-element elementor-element-191dde28 elementor-section-boxed elementor-section-height-default elementor-section-height-default\" data-id=\"191dde28\" data-element_type=\"section\" data-e-type=\"section\" data-settings=\"{&quot;_ha_eqh_enable&quot;:false}\">\n\t\t\t\t\t\t<div class=\"elementor-container elementor-column-gap-default\">\n\t\t\t\t\t<div class=\"elementor-column elementor-col-100 elementor-top-column elementor-element elementor-element-6f5fa0ff\" data-id=\"6f5fa0ff\" data-element_type=\"column\" data-e-type=\"column\">\n\t\t\t<div class=\"elementor-widget-wrap elementor-element-populated\">\n\t\t\t\t\t\t<div class=\"elementor-element elementor-element-46748ace elementor-widget elementor-widget-text-editor\" data-id=\"46748ace\" data-element_type=\"widget\" data-e-type=\"widget\" data-widget_type=\"text-editor.default\">\n\t\t\t\t<div class=\"elementor-widget-container\">\n\t\t\t\t\t\t\t\t\t<div class=\"survey-title-container clearfix survey-title-align-left has-survey-title\">\n<div class=\"survey-title-table-wrapper\">\n<table class=\"survey-title-table table-reset\" role=\"presentation\">\n<tbody>\n<tr>\n<td class=\"survey-title-cell\">\n<h2 class=\"survey-title user-generated notranslate\"><span class=\"title-text\">Je suis int\u00e9ress\u00e9 \u00e0 louer un studio b.cycle!<\/span><span style=\"font-size: 56px; letter-spacing: -1px;\">&nbsp;<\/span><\/h2>\n<\/td>\n<\/tr>\n<\/tbody>\n<\/table>\n<\/div>\n<\/div>\n<div class=\"page-title-container page-title-container-v3 clearfix\">\n<div class=\"notranslate\">\n<h1 class=\"page-title-wrapper clearfix\"><span class=\"page-title user-generated\">R\u00e9servations VIP \u2013 Classe priv\u00e9e<\/span><\/h1>\n<\/div>\n<\/div>\n<div class=\"h3 page-subtitle user-generated notranslate\" role=\"heading\" aria-level=\"3\">\n<div>&nbsp;<span style=\"font-size: 20px;\">Vous avez un enterrement de vie de jeune fille\/gar\u00e7on, un anniversaire, un dipl\u00f4me \u00e0 c\u00e9l\u00e9brer, vous cherchez \u00e0 renforcer l\u2019esprit et la coh\u00e9sion d\u2019\u00e9quipe ou vous voulez tout simplement transpirer avec tous vos amis? C\u2019est l\u2019occasion pour vous de vivre l\u2019exp\u00e9rience b.cycle que vous aim\u00e9 tant, et de l\u2019amener \u00e0 un autre niveau!<\/span><\/div>\n<div>&nbsp;<\/div>\n<div>Recevez toute l\u2019attention de notre personnel et de l\u2019un de nos instructeurs qui s\u2019occupera de personnaliser votre \u00e9v\u00e8nement et de rendre votre exp\u00e9rience compl\u00e8tement unique. Choisissez l\u2019un de nos styles de classe, demandez vos chansons pr\u00e9f\u00e9r\u00e9es, demandez vos instructeurs pr\u00e9f\u00e9r\u00e9s, privatisez tout le studio pour vous seulement et vivez une exp\u00e9rience inoubliable. R\u00e9servez votre classe priv\u00e9e b.cycle maintenant!<\/div>\n<div><br><\/div>\n<\/div>\t\t\t\t\t\t\t\t<\/div>\n\t\t\t\t<\/div>\n\t\t\t\t\t<\/div>\n\t\t<\/div>\n\t\t\t\t\t<\/div>\n\t\t<\/section>\n\t\t\t\t<section class=\"elementor-section elementor-top-section elementor-element elementor-element-322a44f elementor-section-boxed elementor-section-height-default elementor-section-height-default\" data-id=\"322a44f\" data-element_type=\"section\" data-e-type=\"section\" data-settings=\"{&quot;_ha_eqh_enable&quot;:false}\">\n\t\t\t\t\t\t<div class=\"elementor-container elementor-column-gap-default\">\n\t\t\t\t\t<div class=\"elementor-column elementor-col-100 elementor-top-column elementor-element elementor-element-fdfbc0e\" data-id=\"fdfbc0e\" data-element_type=\"column\" data-e-type=\"column\">\n\t\t\t<div class=\"elementor-widget-wrap elementor-element-populated\">\n\t\t\t\t\t\t<div class=\"elementor-element elementor-element-41820be elementor-widget elementor-widget-html\" data-id=\"41820be\" data-element_type=\"widget\" data-e-type=\"widget\" data-widget_type=\"html.default\">\n\t\t\t\t<div class=\"elementor-widget-container\">\n\t\t\t\t\t<iframe class=\"airtable-embed\" src=\"https:\/\/airtable.com\/embed\/appA2O4UsOHAjVKG1\/pagVvXgzSiyoAGb98\/form\" frameborder=\"0\" onmousewheel=\"\" width=\"100%\" height=\"1400\" style=\"background: transparent; border: 1px solid #ccc;\"><\/iframe>\t\t\t\t<\/div>\n\t\t\t\t<\/div>\n\t\t\t\t\t<\/div>\n\t\t<\/div>\n\t\t\t\t\t<\/div>\n\t\t<\/section>\n\t\t\t\t<\/div>","protected":false},"excerpt":{"rendered":"<p>I&#8217;m interested in renting out a b.cycle location!&nbsp; VIP Bookings &#8211; Private Class &nbsp;Do you have a bachelorette, a birthday, a graduation, are looking for team building or do you just want to sweat it out with all your friends? This is your opportunity to get the b.cycle experience you\u2019ve come to love, and take [&hellip;]<\/p>\n","protected":false},"author":1,"featured_media":0,"parent":0,"menu_order":0,"comment_status":"closed","ping_status":"closed","template":"","meta":{"_acf_changed":false,"ocean_post_layout":"","ocean_both_sidebars_style":"","ocean_both_sidebars_content_width":0,"ocean_both_sidebars_sidebars_width":0,"ocean_sidebar":"0","ocean_second_sidebar":"0","ocean_disable_margins":"enable","ocean_add_body_class":"","ocean_shortcode_before_top_bar":"","ocean_shortcode_after_top_bar":"","ocean_shortcode_before_header":"","ocean_shortcode_after_header":"","ocean_has_shortcode":"","ocean_shortcode_after_title":"","ocean_shortcode_before_footer_widgets":"","ocean_shortcode_after_footer_widgets":"","ocean_shortcode_before_footer_bottom":"","ocean_shortcode_after_footer_bottom":"","ocean_display_top_bar":"default","ocean_display_header":"default","ocean_header_style":"","ocean_center_header_left_menu":"0","ocean_custom_header_template":"0","ocean_custom_logo":0,"ocean_custom_retina_logo":0,"ocean_custom_logo_max_width":0,"ocean_custom_logo_tablet_max_width":0,"ocean_custom_logo_mobile_max_width":0,"ocean_custom_logo_max_height":0,"ocean_custom_logo_tablet_max_height":0,"ocean_custom_logo_mobile_max_height":0,"ocean_header_custom_menu":"0","ocean_menu_typo_font_family":"0","ocean_menu_typo_font_subset":"","ocean_menu_typo_font_size":0,"ocean_menu_typo_font_size_tablet":0,"ocean_menu_typo_font_size_mobile":0,"ocean_menu_typo_font_size_unit":"px","ocean_menu_typo_font_weight":"","ocean_menu_typo_font_weight_tablet":"","ocean_menu_typo_font_weight_mobile":"","ocean_menu_typo_transform":"","ocean_menu_typo_transform_tablet":"","ocean_menu_typo_transform_mobile":"","ocean_menu_typo_line_height":0,"ocean_menu_typo_line_height_tablet":0,"ocean_menu_typo_line_height_mobile":0,"ocean_menu_typo_line_height_unit":"","ocean_menu_typo_spacing":0,"ocean_menu_typo_spacing_tablet":0,"ocean_menu_typo_spacing_mobile":0,"ocean_menu_typo_spacing_unit":"","ocean_menu_link_color":"","ocean_menu_link_color_hover":"","ocean_menu_link_color_active":"","ocean_menu_link_background":"","ocean_menu_link_hover_background":"","ocean_menu_link_active_background":"","ocean_menu_social_links_bg":"","ocean_menu_social_hover_links_bg":"","ocean_menu_social_links_color":"","ocean_menu_social_hover_links_color":"","ocean_disable_title":"default","ocean_disable_heading":"default","ocean_post_title":"","ocean_post_subheading":"","ocean_post_title_style":"","ocean_post_title_background_color":"","ocean_post_title_background":0,"ocean_post_title_bg_image_position":"","ocean_post_title_bg_image_attachment":"","ocean_post_title_bg_image_repeat":"","ocean_post_title_bg_image_size":"","ocean_post_title_height":0,"ocean_post_title_bg_overlay":0.5,"ocean_post_title_bg_overlay_color":"","ocean_disable_breadcrumbs":"default","ocean_breadcrumbs_color":"","ocean_breadcrumbs_separator_color":"","ocean_breadcrumbs_links_color":"","ocean_breadcrumbs_links_hover_color":"","ocean_display_footer_widgets":"default","ocean_display_footer_bottom":"default","ocean_custom_footer_template":"0","footnotes":""},"wf_page_folders":[],"class_list":["post-25267","page","type-page","status-publish","hentry","entry"],"acf":{"blue_points_f24":"","green_points_f24":"","red_points_f24":"","yellow_points_f24":"","amount_registered_brace":""},"jetpack_sharing_enabled":true,"_links":{"self":[{"href":"https:\/\/bcyclespin.com\/fr\/wp-json\/wp\/v2\/pages\/25267","targetHints":{"allow":["GET"]}}],"collection":[{"href":"https:\/\/bcyclespin.com\/fr\/wp-json\/wp\/v2\/pages"}],"about":[{"href":"https:\/\/bcyclespin.com\/fr\/wp-json\/wp\/v2\/types\/page"}],"author":[{"embeddable":true,"href":"https:\/\/bcyclespin.com\/fr\/wp-json\/wp\/v2\/users\/1"}],"replies":[{"embeddable":true,"href":"https:\/\/bcyclespin.com\/fr\/wp-json\/wp\/v2\/comments?post=25267"}],"version-history":[{"count":5,"href":"https:\/\/bcyclespin.com\/fr\/wp-json\/wp\/v2\/pages\/25267\/revisions"}],"predecessor-version":[{"id":35221,"href":"https:\/\/bcyclespin.com\/fr\/wp-json\/wp\/v2\/pages\/25267\/revisions\/35221"}],"wp:attachment":[{"href":"https:\/\/bcyclespin.com\/fr\/wp-json\/wp\/v2\/media?parent=25267"}],"wp:term":[{"taxonomy":"wf_page_folders","embeddable":true,"href":"https:\/\/bcyclespin.com\/fr\/wp-json\/wp\/v2\/wf_page_folders?post=25267"}],"curies":[{"name":"wp","href":"https:\/\/api.w.org\/{rel}","templated":true}]}}