{"id":26329,"date":"2023-04-06T11:09:26","date_gmt":"2023-04-06T15:09:26","guid":{"rendered":"https:\/\/bcyclespin.com\/?page_id=26329"},"modified":"2025-02-19T19:39:42","modified_gmt":"2025-02-20T00:39:42","slug":"membership-freeze","status":"publish","type":"page","link":"https:\/\/bcyclespin.com\/fr\/membership-freeze\/","title":{"rendered":"Pause d'adh\u00e9sion"},"content":{"rendered":"<div data-elementor-type=\"wp-page\" data-elementor-id=\"26329\" class=\"elementor elementor-26329\" data-elementor-settings=\"{&quot;ha_cmc_init_switcher&quot;:&quot;no&quot;}\" data-elementor-post-type=\"page\">\n\t\t\t\t\t\t<section class=\"elementor-section elementor-top-section elementor-element elementor-element-322a44f elementor-section-boxed elementor-section-height-default elementor-section-height-default\" data-id=\"322a44f\" data-element_type=\"section\" data-e-type=\"section\" data-settings=\"{&quot;_ha_eqh_enable&quot;:false}\">\n\t\t\t\t\t\t<div class=\"elementor-container elementor-column-gap-default\">\n\t\t\t\t\t<div class=\"elementor-column elementor-col-100 elementor-top-column elementor-element elementor-element-fdfbc0e\" data-id=\"fdfbc0e\" data-element_type=\"column\" data-e-type=\"column\">\n\t\t\t<div class=\"elementor-widget-wrap elementor-element-populated\">\n\t\t\t\t\t\t<div class=\"elementor-element elementor-element-5e94df1 elementor-widget elementor-widget-text-editor\" data-id=\"5e94df1\" data-element_type=\"widget\" data-e-type=\"widget\" data-widget_type=\"text-editor.default\">\n\t\t\t\t<div class=\"elementor-widget-container\">\n\t\t\t\t\t\t\t\t\t<p>Veuillez ne faire cette demande que si votre adh\u00e9sion actuelle restera active jusqu'\u00e0 la date \u00e0 laquelle vous souhaitez que le gel de votre contrat prenne fin. Si ce n'est pas le cas, veuillez soumettre ce formulaire une fois votre adh\u00e9sion renouvel\u00e9e.<br \/>Veuillez noter qu\u2019une suspension maximale de 28 jours est autoris\u00e9e par p\u00e9riode de 365 jours, \u00e0 compter du premier jour de votre premi\u00e8re demande.<\/p>\t\t\t\t\t\t\t\t<\/div>\n\t\t\t\t<\/div>\n\t\t\t\t<div class=\"elementor-element elementor-element-41820be elementor-widget elementor-widget-html\" data-id=\"41820be\" data-element_type=\"widget\" data-e-type=\"widget\" data-widget_type=\"html.default\">\n\t\t\t\t<div class=\"elementor-widget-container\">\n\t\t\t\t\t<script src=\"https:\/\/static.airtable.com\/js\/embed\/embed_snippet_v1.js\"><\/script><iframe class=\"airtable-embed airtable-dynamic-height\" src=\"https:\/\/airtable.com\/embed\/appofCRTxHoIe6dXI\/shrqsvMf9vC1lhqjb?prefill_fld7YXMDKtIsJJFuS=Membership%20Freeze%20%2F%20Pauser%20l'abonnement&hide_fld7YXMDKtIsJJFuS=true&backgroundColor=red\u201d frameborder=\"0\" onmousewheel=\"\" width=\"100%\" height=\"1439\" style=\"background: transparent; border: 1px solid #ccc;\"><\/iframe>\t\t\t\t<\/div>\n\t\t\t\t<\/div>\n\t\t\t\t\t<\/div>\n\t\t<\/div>\n\t\t\t\t\t<\/div>\n\t\t<\/section>\n\t\t\t\t<\/div>","protected":false},"excerpt":{"rendered":"<p>Please only make this request if your current membership will remain active until the date you want your contract freeze to end. If not, please submit this form once your membership has been renewed.Please note that there is a maximum freeze of 28 days per 365 days period starting on the first day of your [&hellip;]<\/p>\n","protected":false},"author":1,"featured_media":0,"parent":0,"menu_order":0,"comment_status":"closed","ping_status":"closed","template":"","meta":{"_acf_changed":false,"ocean_post_layout":"","ocean_both_sidebars_style":"","ocean_both_sidebars_content_width":0,"ocean_both_sidebars_sidebars_width":0,"ocean_sidebar":"0","ocean_second_sidebar":"0","ocean_disable_margins":"enable","ocean_add_body_class":"","ocean_shortcode_before_top_bar":"","ocean_shortcode_after_top_bar":"","ocean_shortcode_before_header":"","ocean_shortcode_after_header":"","ocean_has_shortcode":"","ocean_shortcode_after_title":"","ocean_shortcode_before_footer_widgets":"","ocean_shortcode_after_footer_widgets":"","ocean_shortcode_before_footer_bottom":"","ocean_shortcode_after_footer_bottom":"","ocean_display_top_bar":"default","ocean_display_header":"default","ocean_header_style":"","ocean_center_header_left_menu":"0","ocean_custom_header_template":"0","ocean_custom_logo":0,"ocean_custom_retina_logo":0,"ocean_custom_logo_max_width":0,"ocean_custom_logo_tablet_max_width":0,"ocean_custom_logo_mobile_max_width":0,"ocean_custom_logo_max_height":0,"ocean_custom_logo_tablet_max_height":0,"ocean_custom_logo_mobile_max_height":0,"ocean_header_custom_menu":"0","ocean_menu_typo_font_family":"0","ocean_menu_typo_font_subset":"","ocean_menu_typo_font_size":0,"ocean_menu_typo_font_size_tablet":0,"ocean_menu_typo_font_size_mobile":0,"ocean_menu_typo_font_size_unit":"px","ocean_menu_typo_font_weight":"","ocean_menu_typo_font_weight_tablet":"","ocean_menu_typo_font_weight_mobile":"","ocean_menu_typo_transform":"","ocean_menu_typo_transform_tablet":"","ocean_menu_typo_transform_mobile":"","ocean_menu_typo_line_height":0,"ocean_menu_typo_line_height_tablet":0,"ocean_menu_typo_line_height_mobile":0,"ocean_menu_typo_line_height_unit":"","ocean_menu_typo_spacing":0,"ocean_menu_typo_spacing_tablet":0,"ocean_menu_typo_spacing_mobile":0,"ocean_menu_typo_spacing_unit":"","ocean_menu_link_color":"","ocean_menu_link_color_hover":"","ocean_menu_link_color_active":"","ocean_menu_link_background":"","ocean_menu_link_hover_background":"","ocean_menu_link_active_background":"","ocean_menu_social_links_bg":"","ocean_menu_social_hover_links_bg":"","ocean_menu_social_links_color":"","ocean_menu_social_hover_links_color":"","ocean_disable_title":"default","ocean_disable_heading":"default","ocean_post_title":"","ocean_post_subheading":"","ocean_post_title_style":"","ocean_post_title_background_color":"","ocean_post_title_background":0,"ocean_post_title_bg_image_position":"","ocean_post_title_bg_image_attachment":"","ocean_post_title_bg_image_repeat":"","ocean_post_title_bg_image_size":"","ocean_post_title_height":0,"ocean_post_title_bg_overlay":0.5,"ocean_post_title_bg_overlay_color":"","ocean_disable_breadcrumbs":"default","ocean_breadcrumbs_color":"","ocean_breadcrumbs_separator_color":"","ocean_breadcrumbs_links_color":"","ocean_breadcrumbs_links_hover_color":"","ocean_display_footer_widgets":"default","ocean_display_footer_bottom":"default","ocean_custom_footer_template":"0","footnotes":""},"wf_page_folders":[],"class_list":["post-26329","page","type-page","status-publish","hentry","entry"],"acf":{"blue_points_f24":"","green_points_f24":"","red_points_f24":"","yellow_points_f24":"","amount_registered_brace":""},"jetpack_sharing_enabled":true,"_links":{"self":[{"href":"https:\/\/bcyclespin.com\/fr\/wp-json\/wp\/v2\/pages\/26329","targetHints":{"allow":["GET"]}}],"collection":[{"href":"https:\/\/bcyclespin.com\/fr\/wp-json\/wp\/v2\/pages"}],"about":[{"href":"https:\/\/bcyclespin.com\/fr\/wp-json\/wp\/v2\/types\/page"}],"author":[{"embeddable":true,"href":"https:\/\/bcyclespin.com\/fr\/wp-json\/wp\/v2\/users\/1"}],"replies":[{"embeddable":true,"href":"https:\/\/bcyclespin.com\/fr\/wp-json\/wp\/v2\/comments?post=26329"}],"version-history":[{"count":5,"href":"https:\/\/bcyclespin.com\/fr\/wp-json\/wp\/v2\/pages\/26329\/revisions"}],"predecessor-version":[{"id":31214,"href":"https:\/\/bcyclespin.com\/fr\/wp-json\/wp\/v2\/pages\/26329\/revisions\/31214"}],"wp:attachment":[{"href":"https:\/\/bcyclespin.com\/fr\/wp-json\/wp\/v2\/media?parent=26329"}],"wp:term":[{"taxonomy":"wf_page_folders","embeddable":true,"href":"https:\/\/bcyclespin.com\/fr\/wp-json\/wp\/v2\/wf_page_folders?post=26329"}],"curies":[{"name":"wp","href":"https:\/\/api.w.org\/{rel}","templated":true}]}}