{"id":26335,"date":"2023-04-06T11:14:00","date_gmt":"2023-04-06T15:14:00","guid":{"rendered":"https:\/\/bcyclespin.com\/?page_id=26335"},"modified":"2026-02-02T19:11:18","modified_gmt":"2026-02-03T00:11:18","slug":"student-rate","status":"publish","type":"page","link":"https:\/\/bcyclespin.com\/fr\/student-rate\/","title":{"rendered":"Appliquer pour le rabais \u00e9tudiant"},"content":{"rendered":"<div data-elementor-type=\"wp-page\" data-elementor-id=\"26335\" class=\"elementor elementor-26335\" data-elementor-settings=\"{&quot;ha_cmc_init_switcher&quot;:&quot;no&quot;}\" data-elementor-post-type=\"page\">\n\t\t\t\t\t\t<section class=\"elementor-section elementor-top-section elementor-element elementor-element-322a44f elementor-section-boxed elementor-section-height-default elementor-section-height-default\" data-id=\"322a44f\" data-element_type=\"section\" data-e-type=\"section\" data-settings=\"{&quot;_ha_eqh_enable&quot;:false}\">\n\t\t\t\t\t\t<div class=\"elementor-container elementor-column-gap-default\">\n\t\t\t\t\t<div class=\"elementor-column elementor-col-100 elementor-top-column elementor-element elementor-element-fdfbc0e\" data-id=\"fdfbc0e\" data-element_type=\"column\" data-e-type=\"column\">\n\t\t\t<div class=\"elementor-widget-wrap elementor-element-populated\">\n\t\t\t\t\t\t<div class=\"elementor-element elementor-element-f2f88c2 elementor-widget elementor-widget-text-editor\" data-id=\"f2f88c2\" data-element_type=\"widget\" data-e-type=\"widget\" data-widget_type=\"text-editor.default\">\n\t\t\t\t<div class=\"elementor-widget-container\">\n\t\t\t\t\t\t\t\t\t<p>Pour b\u00e9n\u00e9ficier du tarif \u00e9tudiant, vous devez remplir <b>toutes<\/b> les conditions suivantes:<\/p><ul><li>\u00catre \u00e9tudiant \u00e0 temps plein<\/li><li>Pr\u00e9senter une preuve de son statut d'\u00e9tudiant \u00e0 temps plein. Les seules preuves admissibles sont les suivantes :<ul><li>Emploi du temps \u00e0 temps plein<\/li><li>Attestation de votre \u00e9cole indiquant que vous \u00eates \u00e9tudiant \u00e0 temps plein<\/li><\/ul><\/li><li>Une carte d'\u00e9tudiant <strong>n'est pas<\/strong> consid\u00e9r\u00e9e comme une preuve<\/li><li>Vous avez d\u00e9j\u00e0 une carte de cr\u00e9dit valide dans votre profil b.cycle<\/li><\/ul><div>Ne remplissez ce formulaire que si vous remplissez <b>toutes<\/b> ces conditions.<\/div><div>\u00a0<\/div><div>Le tarif \u00e9tudiant par cours est de 21,50 $, plus les taxes applicables sur la passe flex, ce qui en fait une option abordable pour rester actif(ve) et en sant\u00e9. De plus, l\u2019option 1X PAR SEMAINE est offerte au tarif r\u00e9duit de 80 $ par mois avant taxes, et l\u2019abonnement illimit\u00e9 r\u00e9gulier est \u00e9galement propos\u00e9 \u00e0 un tarif pr\u00e9f\u00e9rentiel de 198 $ par mois avant taxes<span style=\"font-size: 20px;\">\u00a0offrant encore plus d\u2019avantages aux \u00e9tudiant(e)s d\u00e9sireux(ses) de s\u2019engager pleinement dans leurs objectifs de remise en forme. Que vous d\u00e9couvriez les cours b.cycle ou que vous soyez d\u00e9j\u00e0 un(e) habitu\u00e9(e), ces tarifs rendent votre sant\u00e9 et votre bien-\u00eatre accessibles sans compromis sur votre budget.<\/span><\/div>\t\t\t\t\t\t\t\t<\/div>\n\t\t\t\t<\/div>\n\t\t\t\t<div class=\"elementor-element elementor-element-41820be elementor-widget elementor-widget-html\" data-id=\"41820be\" data-element_type=\"widget\" data-e-type=\"widget\" data-widget_type=\"html.default\">\n\t\t\t\t<div class=\"elementor-widget-container\">\n\t\t\t\t\t<script src=\"https:\/\/static.airtable.com\/js\/embed\/embed_snippet_v1.js\"><\/script><iframe class=\"airtable-embed airtable-dynamic-height\" src=\"https:\/\/airtable.com\/embed\/appofCRTxHoIe6dXI\/shr6NrpdX3H6N3Upf?prefill_fld7YXMDKtIsJJFuS=Student%20Rate%20%2F%20Tarif%20%C3%A9tudiant&hide_fld7YXMDKtIsJJFuS=true&backgroundColor=cyan\" frameborder=\"0\" onmousewheel=\"\" width=\"100%\" height=\"1439\" style=\"background: transparent; border: 1px solid #ccc;\"><\/iframe>\t\t\t\t<\/div>\n\t\t\t\t<\/div>\n\t\t\t\t\t<\/div>\n\t\t<\/div>\n\t\t\t\t\t<\/div>\n\t\t<\/section>\n\t\t\t\t<\/div>","protected":false},"excerpt":{"rendered":"<p>To be admissible for the student rate, make sure you meet all of these conditions: Be a full time student Submit proof of full time status. The only eligible proofs are: Full time schedule Attestation from your school that you are a full time student A student ID card does not count as proof Have [&hellip;]<\/p>\n","protected":false},"author":1,"featured_media":0,"parent":0,"menu_order":0,"comment_status":"closed","ping_status":"closed","template":"","meta":{"_acf_changed":false,"ocean_post_layout":"","ocean_both_sidebars_style":"","ocean_both_sidebars_content_width":0,"ocean_both_sidebars_sidebars_width":0,"ocean_sidebar":"0","ocean_second_sidebar":"0","ocean_disable_margins":"enable","ocean_add_body_class":"","ocean_shortcode_before_top_bar":"","ocean_shortcode_after_top_bar":"","ocean_shortcode_before_header":"","ocean_shortcode_after_header":"","ocean_has_shortcode":"","ocean_shortcode_after_title":"","ocean_shortcode_before_footer_widgets":"","ocean_shortcode_after_footer_widgets":"","ocean_shortcode_before_footer_bottom":"","ocean_shortcode_after_footer_bottom":"","ocean_display_top_bar":"default","ocean_display_header":"default","ocean_header_style":"","ocean_center_header_left_menu":"0","ocean_custom_header_template":"0","ocean_custom_logo":0,"ocean_custom_retina_logo":0,"ocean_custom_logo_max_width":0,"ocean_custom_logo_tablet_max_width":0,"ocean_custom_logo_mobile_max_width":0,"ocean_custom_logo_max_height":0,"ocean_custom_logo_tablet_max_height":0,"ocean_custom_logo_mobile_max_height":0,"ocean_header_custom_menu":"0","ocean_menu_typo_font_family":"0","ocean_menu_typo_font_subset":"","ocean_menu_typo_font_size":0,"ocean_menu_typo_font_size_tablet":0,"ocean_menu_typo_font_size_mobile":0,"ocean_menu_typo_font_size_unit":"px","ocean_menu_typo_font_weight":"","ocean_menu_typo_font_weight_tablet":"","ocean_menu_typo_font_weight_mobile":"","ocean_menu_typo_transform":"","ocean_menu_typo_transform_tablet":"","ocean_menu_typo_transform_mobile":"","ocean_menu_typo_line_height":0,"ocean_menu_typo_line_height_tablet":0,"ocean_menu_typo_line_height_mobile":0,"ocean_menu_typo_line_height_unit":"","ocean_menu_typo_spacing":0,"ocean_menu_typo_spacing_tablet":0,"ocean_menu_typo_spacing_mobile":0,"ocean_menu_typo_spacing_unit":"","ocean_menu_link_color":"","ocean_menu_link_color_hover":"","ocean_menu_link_color_active":"","ocean_menu_link_background":"","ocean_menu_link_hover_background":"","ocean_menu_link_active_background":"","ocean_menu_social_links_bg":"","ocean_menu_social_hover_links_bg":"","ocean_menu_social_links_color":"","ocean_menu_social_hover_links_color":"","ocean_disable_title":"default","ocean_disable_heading":"default","ocean_post_title":"","ocean_post_subheading":"","ocean_post_title_style":"","ocean_post_title_background_color":"","ocean_post_title_background":0,"ocean_post_title_bg_image_position":"","ocean_post_title_bg_image_attachment":"","ocean_post_title_bg_image_repeat":"","ocean_post_title_bg_image_size":"","ocean_post_title_height":0,"ocean_post_title_bg_overlay":0.5,"ocean_post_title_bg_overlay_color":"","ocean_disable_breadcrumbs":"default","ocean_breadcrumbs_color":"","ocean_breadcrumbs_separator_color":"","ocean_breadcrumbs_links_color":"","ocean_breadcrumbs_links_hover_color":"","ocean_display_footer_widgets":"default","ocean_display_footer_bottom":"default","ocean_custom_footer_template":"0","footnotes":""},"wf_page_folders":[],"class_list":["post-26335","page","type-page","status-publish","hentry","entry"],"acf":{"blue_points_f24":"","green_points_f24":"","red_points_f24":"","yellow_points_f24":"","amount_registered_brace":""},"jetpack_sharing_enabled":true,"_links":{"self":[{"href":"https:\/\/bcyclespin.com\/fr\/wp-json\/wp\/v2\/pages\/26335","targetHints":{"allow":["GET"]}}],"collection":[{"href":"https:\/\/bcyclespin.com\/fr\/wp-json\/wp\/v2\/pages"}],"about":[{"href":"https:\/\/bcyclespin.com\/fr\/wp-json\/wp\/v2\/types\/page"}],"author":[{"embeddable":true,"href":"https:\/\/bcyclespin.com\/fr\/wp-json\/wp\/v2\/users\/1"}],"replies":[{"embeddable":true,"href":"https:\/\/bcyclespin.com\/fr\/wp-json\/wp\/v2\/comments?post=26335"}],"version-history":[{"count":5,"href":"https:\/\/bcyclespin.com\/fr\/wp-json\/wp\/v2\/pages\/26335\/revisions"}],"predecessor-version":[{"id":35099,"href":"https:\/\/bcyclespin.com\/fr\/wp-json\/wp\/v2\/pages\/26335\/revisions\/35099"}],"wp:attachment":[{"href":"https:\/\/bcyclespin.com\/fr\/wp-json\/wp\/v2\/media?parent=26335"}],"wp:term":[{"taxonomy":"wf_page_folders","embeddable":true,"href":"https:\/\/bcyclespin.com\/fr\/wp-json\/wp\/v2\/wf_page_folders?post=26335"}],"curies":[{"name":"wp","href":"https:\/\/api.w.org\/{rel}","templated":true}]}}