{"id":30808,"date":"2024-11-17T13:49:24","date_gmt":"2024-11-17T18:49:24","guid":{"rendered":"https:\/\/bcyclespin.com\/?page_id=30808"},"modified":"2024-11-17T14:04:45","modified_gmt":"2024-11-17T19:04:45","slug":"suggestionbox","status":"publish","type":"page","link":"https:\/\/bcyclespin.com\/fr\/suggestionbox\/","title":{"rendered":"Bo\u00eete de Suggestion Digitale"},"content":{"rendered":"<div data-elementor-type=\"wp-page\" data-elementor-id=\"30808\" class=\"elementor elementor-30808\" data-elementor-settings=\"{&quot;ha_cmc_init_switcher&quot;:&quot;no&quot;}\" data-elementor-post-type=\"page\">\n\t\t\t\t\t\t<section class=\"elementor-section elementor-top-section elementor-element elementor-element-322a44f elementor-section-boxed elementor-section-height-default elementor-section-height-default\" data-id=\"322a44f\" data-element_type=\"section\" data-e-type=\"section\" data-settings=\"{&quot;_ha_eqh_enable&quot;:false}\">\n\t\t\t\t\t\t<div class=\"elementor-container elementor-column-gap-default\">\n\t\t\t\t\t<div class=\"elementor-column elementor-col-100 elementor-top-column elementor-element elementor-element-fdfbc0e\" data-id=\"fdfbc0e\" data-element_type=\"column\" data-e-type=\"column\">\n\t\t\t<div class=\"elementor-widget-wrap elementor-element-populated\">\n\t\t\t\t\t\t<div class=\"elementor-element elementor-element-5e94df1 elementor-widget elementor-widget-text-editor\" data-id=\"5e94df1\" data-element_type=\"widget\" data-e-type=\"widget\" data-widget_type=\"text-editor.default\">\n\t\t\t\t<div class=\"elementor-widget-container\">\n\t\t\t\t\t\t\t\t\t<h1>Bo\u00eete \u00e0 Suggestion<\/h1>\t\t\t\t\t\t\t\t<\/div>\n\t\t\t\t<\/div>\n\t\t\t\t<div class=\"elementor-element elementor-element-24e0d2e elementor-widget elementor-widget-text-editor\" data-id=\"24e0d2e\" data-element_type=\"widget\" data-e-type=\"widget\" data-widget_type=\"text-editor.default\">\n\t\t\t\t<div class=\"elementor-widget-container\">\n\t\t\t\t\t\t\t\t\t<p>Nous adorons conna\u00eetre vos envies et vos id\u00e9es pour am\u00e9liorer votre exp\u00e9rience chez b.cycle, que ce soit des choses que vous voulez voir plus souvent, des nouveaut\u00e9s que vous aimeriez d\u00e9couvrir ou des changements que vous souhaiteriez voir dans votre studio pr\u00e9f\u00e9r\u00e9. Laissez-nous un mot ici et nous verrons ce que nous pouvons faire!\u00a0<\/p>\t\t\t\t\t\t\t\t<\/div>\n\t\t\t\t<\/div>\n\t\t\t\t\t<\/div>\n\t\t<\/div>\n\t\t\t\t\t<\/div>\n\t\t<\/section>\n\t\t\t\t<section class=\"elementor-section elementor-top-section elementor-element elementor-element-a8eba2a elementor-section-boxed elementor-section-height-default elementor-section-height-default\" data-id=\"a8eba2a\" data-element_type=\"section\" data-e-type=\"section\" data-settings=\"{&quot;_ha_eqh_enable&quot;:false}\">\n\t\t\t\t\t\t<div class=\"elementor-container elementor-column-gap-default\">\n\t\t\t\t\t<div class=\"elementor-column elementor-col-100 elementor-top-column elementor-element elementor-element-e419543\" data-id=\"e419543\" data-element_type=\"column\" data-e-type=\"column\">\n\t\t\t<div class=\"elementor-widget-wrap elementor-element-populated\">\n\t\t\t\t\t\t<div class=\"elementor-element elementor-element-449db21 elementor-widget elementor-widget-html\" data-id=\"449db21\" data-element_type=\"widget\" data-e-type=\"widget\" data-widget_type=\"html.default\">\n\t\t\t\t<div class=\"elementor-widget-container\">\n\t\t\t\t\t<iframe class=\"airtable-embed\" src=\"https:\/\/airtable.com\/embed\/app0KnCNPzByqQSiE\/pagPRR6h45eRC4CV1\/form\" frameborder=\"0\" onmousewheel=\"\" width=\"100%\" height=\"533\" style=\"background: transparent; border: 1px solid #ccc;\"><\/iframe>\t\t\t\t<\/div>\n\t\t\t\t<\/div>\n\t\t\t\t\t<\/div>\n\t\t<\/div>\n\t\t\t\t\t<\/div>\n\t\t<\/section>\n\t\t\t\t<\/div>","protected":false},"excerpt":{"rendered":"<p>Suggestion Box We love to hear about all of the things you want to see more of and all of the changes you&#8217;d like to see around your local b.cycle! Leave us a note here and we&#8217;ll see what we can do!<\/p>","protected":false},"author":1,"featured_media":0,"parent":0,"menu_order":0,"comment_status":"closed","ping_status":"closed","template":"","meta":{"_acf_changed":false,"ocean_post_layout":"","ocean_both_sidebars_style":"","ocean_both_sidebars_content_width":0,"ocean_both_sidebars_sidebars_width":0,"ocean_sidebar":"0","ocean_second_sidebar":"0","ocean_disable_margins":"enable","ocean_add_body_class":"","ocean_shortcode_before_top_bar":"","ocean_shortcode_after_top_bar":"","ocean_shortcode_before_header":"","ocean_shortcode_after_header":"","ocean_has_shortcode":"","ocean_shortcode_after_title":"","ocean_shortcode_before_footer_widgets":"","ocean_shortcode_after_footer_widgets":"","ocean_shortcode_before_footer_bottom":"","ocean_shortcode_after_footer_bottom":"","ocean_display_top_bar":"default","ocean_display_header":"default","ocean_header_style":"","ocean_center_header_left_menu":"0","ocean_custom_header_template":"0","ocean_custom_logo":0,"ocean_custom_retina_logo":0,"ocean_custom_logo_max_width":0,"ocean_custom_logo_tablet_max_width":0,"ocean_custom_logo_mobile_max_width":0,"ocean_custom_logo_max_height":0,"ocean_custom_logo_tablet_max_height":0,"ocean_custom_logo_mobile_max_height":0,"ocean_header_custom_menu":"0","ocean_menu_typo_font_family":"0","ocean_menu_typo_font_subset":"","ocean_menu_typo_font_size":0,"ocean_menu_typo_font_size_tablet":0,"ocean_menu_typo_font_size_mobile":0,"ocean_menu_typo_font_size_unit":"px","ocean_menu_typo_font_weight":"","ocean_menu_typo_font_weight_tablet":"","ocean_menu_typo_font_weight_mobile":"","ocean_menu_typo_transform":"","ocean_menu_typo_transform_tablet":"","ocean_menu_typo_transform_mobile":"","ocean_menu_typo_line_height":0,"ocean_menu_typo_line_height_tablet":0,"ocean_menu_typo_line_height_mobile":0,"ocean_menu_typo_line_height_unit":"","ocean_menu_typo_spacing":0,"ocean_menu_typo_spacing_tablet":0,"ocean_menu_typo_spacing_mobile":0,"ocean_menu_typo_spacing_unit":"","ocean_menu_link_color":"","ocean_menu_link_color_hover":"","ocean_menu_link_color_active":"","ocean_menu_link_background":"","ocean_menu_link_hover_background":"","ocean_menu_link_active_background":"","ocean_menu_social_links_bg":"","ocean_menu_social_hover_links_bg":"","ocean_menu_social_links_color":"","ocean_menu_social_hover_links_color":"","ocean_disable_title":"default","ocean_disable_heading":"default","ocean_post_title":"","ocean_post_subheading":"","ocean_post_title_style":"","ocean_post_title_background_color":"","ocean_post_title_background":0,"ocean_post_title_bg_image_position":"","ocean_post_title_bg_image_attachment":"","ocean_post_title_bg_image_repeat":"","ocean_post_title_bg_image_size":"","ocean_post_title_height":0,"ocean_post_title_bg_overlay":0.5,"ocean_post_title_bg_overlay_color":"","ocean_disable_breadcrumbs":"default","ocean_breadcrumbs_color":"","ocean_breadcrumbs_separator_color":"","ocean_breadcrumbs_links_color":"","ocean_breadcrumbs_links_hover_color":"","ocean_display_footer_widgets":"default","ocean_display_footer_bottom":"default","ocean_custom_footer_template":"0","footnotes":""},"wf_page_folders":[],"class_list":["post-30808","page","type-page","status-publish","hentry","entry"],"acf":{"blue_points_f24":"","green_points_f24":"","red_points_f24":"","yellow_points_f24":"","amount_registered_brace":""},"jetpack_sharing_enabled":true,"_links":{"self":[{"href":"https:\/\/bcyclespin.com\/fr\/wp-json\/wp\/v2\/pages\/30808","targetHints":{"allow":["GET"]}}],"collection":[{"href":"https:\/\/bcyclespin.com\/fr\/wp-json\/wp\/v2\/pages"}],"about":[{"href":"https:\/\/bcyclespin.com\/fr\/wp-json\/wp\/v2\/types\/page"}],"author":[{"embeddable":true,"href":"https:\/\/bcyclespin.com\/fr\/wp-json\/wp\/v2\/users\/1"}],"replies":[{"embeddable":true,"href":"https:\/\/bcyclespin.com\/fr\/wp-json\/wp\/v2\/comments?post=30808"}],"version-history":[{"count":5,"href":"https:\/\/bcyclespin.com\/fr\/wp-json\/wp\/v2\/pages\/30808\/revisions"}],"predecessor-version":[{"id":30827,"href":"https:\/\/bcyclespin.com\/fr\/wp-json\/wp\/v2\/pages\/30808\/revisions\/30827"}],"wp:attachment":[{"href":"https:\/\/bcyclespin.com\/fr\/wp-json\/wp\/v2\/media?parent=30808"}],"wp:term":[{"taxonomy":"wf_page_folders","embeddable":true,"href":"https:\/\/bcyclespin.com\/fr\/wp-json\/wp\/v2\/wf_page_folders?post=30808"}],"curies":[{"name":"wp","href":"https:\/\/api.w.org\/{rel}","templated":true}]}}