{"id":34357,"date":"2025-11-26T21:05:34","date_gmt":"2025-11-27T02:05:34","guid":{"rendered":"https:\/\/bcyclespin.com\/?page_id=34357"},"modified":"2025-11-27T11:03:43","modified_gmt":"2025-11-27T16:03:43","slug":"download-our-app","status":"publish","type":"page","link":"https:\/\/bcyclespin.com\/fr\/download-our-app\/","title":{"rendered":"Download our App"},"content":{"rendered":"<div id=\"bc-download-app-page\">\n<p>  <!-- Auto-redirect logic --><br \/>\n  <script>\n    (function () {\n      var ua = navigator.userAgent || navigator.vendor || window.opera || \"\";\n      var isIOS = \/iPhone|iPad|iPod\/i.test(ua);\n      var isMobile =\n        \/Mobi|Android|iPhone|iPad|iPod\/i.test(ua) ||\n        (navigator.maxTouchPoints > 1 && window.innerWidth < 1100);\n\n      \/\/ If not mobile: go back to website\n      if (!isMobile) {\n        window.location.href = \"https:\/\/bcyclespin.com\";\n        return;\n      }\n\n      \/\/ On mobile, try to send directly to the right store.\n      try {\n        if (isIOS) {\n          window.location.href =\n            \"https:\/\/apps.apple.com\/us\/app\/b-cycle-studios\/id6755438960\";\n        } else {\n          window.location.href =\n            \"https:\/\/play.google.com\/store\/apps\/details?id=com.marianatek.bcycle\";\n        }\n        \/\/ If the redirect is blocked, the user will see the buttons below.\n      } catch (e) {}\n    })();\n  <\/script><\/p>\n<p>  <!-- Simple scoped styles --><\/p>\n<style>\n    #bc-download-app-page * {\n      box-sizing: border-box;\n      font-family: system-ui, -apple-system, BlinkMacSystemFont, \"Segoe UI\",\n        Roboto, sans-serif;\n    }<\/p>\n<p>    #bc-download-app-page .bc-wrapper {\n      max-width: 480px;\n      margin: 40px auto;\n      padding: 0 16px 40px;\n    }<\/p>\n<p>    #bc-download-app-page .bc-card {\n      background: #ffffff;\n      border-radius: 18px;\n      padding: 22px 20px 18px;\n      box-shadow: 0 14px 40px rgba(15, 23, 42, 0.25);\n      border: 1px solid #e5e7eb;\n    }<\/p>\n<p>    #bc-download-app-page .bc-badge {\n      font-size: 11px;\n      text-transform: uppercase;\n      letter-spacing: 0.08em;\n      color: #6b7280;\n      margin-bottom: 8px;\n    }<\/p>\n<p>    #bc-download-app-page .bc-logo {\n      font-weight: 700;\n      font-size: 20px;\n      letter-spacing: 0.12em;\n      text-transform: uppercase;\n      margin-bottom: 4px;\n    }<\/p>\n<p>    #bc-download-app-page .bc-title {\n      font-weight: 600;\n      font-size: 18px;\n      margin: 4px 0;\n      color: #111827;\n    }<\/p>\n<p>    #bc-download-app-page .bc-sub {\n      font-size: 13px;\n      color: #6b7280;\n      margin-bottom: 10px;\n      line-height: 1.5;\n    }<\/p>\n<p>    #bc-download-app-page .bc-buttons {\n      display: flex;\n      flex-direction: column;\n      gap: 10px;\n      margin: 18px 0 10px;\n    }<\/p>\n<p>    #bc-download-app-page .bc-btn {\n      display: flex;\n      align-items: center;\n      justify-content: center;\n      gap: 10px;\n      text-decoration: none;\n      padding: 11px 14px;\n      border-radius: 999px;\n      border: 1px solid #e5e7eb;\n      background: #f9fafb;\n      color: #111827;\n      font-size: 14px;\n      transition: all 0.12s ease;\n    }<\/p>\n<p>    #bc-download-app-page .bc-btn-primary {\n      background: #111827;\n      color: #ffffff;\n      border-color: #111827;\n    }<\/p>\n<p>    #bc-download-app-page .bc-btn:hover {\n      transform: translateY(-1px);\n      box-shadow: 0 10px 24px rgba(15, 23, 42, 0.25);\n      background: #f3f4f6;\n    }<\/p>\n<p>    #bc-download-app-page .bc-btn-primary:hover {\n      background: #000000;\n    }<\/p>\n<p>    #bc-download-app-page .bc-icon {\n      width: 22px;\n      height: 22px;\n      border-radius: 999px;\n      background: #0f172a;\n      color: #ffffff;\n      display: inline-flex;\n      align-items: center;\n      justify-content: center;\n      font-size: 12px;\n      flex-shrink: 0;\n    }<\/p>\n<p>    #bc-download-app-page .bc-label-top {\n      font-size: 11px;\n      text-transform: uppercase;\n      letter-spacing: 0.08em;\n      color: #9ca3af;\n    }<\/p>\n<p>    #bc-download-app-page .bc-label-main {\n      font-size: 14px;\n      font-weight: 600;\n      color: #111827;\n    }<\/p>\n<p>    #bc-download-app-page .bc-btn-primary .bc-label-main {\n      color: #ffffff;\n    }<\/p>\n<p>    #bc-download-app-page .bc-note {\n      font-size: 11px;\n      color: #6b7280;\n      text-align: center;\n      margin-top: 6px;\n    }<\/p>\n<p>    #bc-download-app-page .bc-footer-link {\n      margin-top: 10px;\n      text-align: center;\n      font-size: 12px;\n    }<\/p>\n<p>    #bc-download-app-page .bc-footer-link a {\n      color: #111827;\n      text-decoration: none;\n      font-weight: 500;\n    }<\/p>\n<p>    #bc-download-app-page .bc-footer-link a:hover {\n      text-decoration: underline;\n    }<\/p>\n<p>    @media (max-width: 480px) {\n      #bc-download-app-page .bc-wrapper {\n        margin-top: 24px;\n      }\n    }\n  <\/style>\n<p>  <!-- Visible content (shown mainly if redirect didn't fire) --><\/p>\n<div class=\"bc-wrapper\">\n<div class=\"bc-card\">\n<div class=\"bc-badge\">App b.cycle \u2022 Mobile<\/div>\n<div class=\"bc-logo\">b.cycle<\/div>\n<div class=\"bc-title\">Download our app<\/div>\n<div class=\"bc-sub\">\n        We tried to send you directly to your store. If it didn\u2019t work, choose<br \/>\n        your option below.\n      <\/div>\n<div class=\"bc-title\" style=\"font-size:16px; margin-top:14px;\">\n        T\u00e9l\u00e9chargez notre application\n      <\/div>\n<div class=\"bc-sub\">\n        Nous avons tent\u00e9 de vous rediriger automatiquement. Si cela n\u2019a pas<br \/>\n        fonctionn\u00e9, choisissez une option ci-dessous.\n      <\/div>\n<div class=\"bc-buttons\">\n        <!-- App Store --><br \/>\n        <a\n          class=\"bc-btn bc-btn-primary\"\n          href=\"https:\/\/apps.apple.com\/us\/app\/b-cycle-studios\/id6755438960\"\n        ><br \/>\n          <span class=\"bc-icon\">\uf8ff<\/span><br \/>\n          <span><\/p>\n<div class=\"bc-label-top\">iOS \u2022 App Store<\/div>\n<div class=\"bc-label-main\">Download \/ T\u00e9l\u00e9charger<\/div>\n<p>          <\/span><br \/>\n        <\/a><\/p>\n<p>        <!-- Google Play --><br \/>\n        <a\n          class=\"bc-btn\"\n          href=\"https:\/\/play.google.com\/store\/apps\/details?id=com.marianatek.bcycle\"\n        ><br \/>\n          <span class=\"bc-icon\">\u25b6<\/span><br \/>\n          <span><\/p>\n<div class=\"bc-label-top\">Android \u2022 Google Play<\/div>\n<div class=\"bc-label-main\">Download \/ T\u00e9l\u00e9charger<\/div>\n<p>          <\/span><br \/>\n        <\/a>\n      <\/div>\n<div class=\"bc-note\">\n        English &amp; fran\u00e7ais \u2022 Choose your store \/ Choisissez votre boutique.\n      <\/div>\n<div class=\"bc-footer-link\">\n        <a href=\"https:\/\/bcyclespin.com\/fr\/\"><br \/>\n          Continue to website \u2022 Continuer sur le site<br \/>\n        <\/a>\n      <\/div>\n<\/p><\/div>\n<\/p><\/div>\n<\/div>","protected":false},"excerpt":{"rendered":"<p>App b.cycle \u2022 Mobile b.cycle Download our app We tried to send you directly to your store. If it didn\u2019t work, choose your option below. T\u00e9l\u00e9chargez notre application Nous avons tent\u00e9 de vous rediriger automatiquement. Si cela n\u2019a pas fonctionn\u00e9, choisissez une option ci-dessous. \uf8ff iOS \u2022 App Store Download \/ T\u00e9l\u00e9charger \u25b6 Android \u2022 [&hellip;]<\/p>\n","protected":false},"author":1,"featured_media":0,"parent":0,"menu_order":0,"comment_status":"closed","ping_status":"closed","template":"","meta":{"_acf_changed":false,"_angie_page":false,"ocean_post_layout":"","ocean_both_sidebars_style":"","ocean_both_sidebars_content_width":0,"ocean_both_sidebars_sidebars_width":0,"ocean_sidebar":"0","ocean_second_sidebar":"0","ocean_disable_margins":"enable","ocean_add_body_class":"","ocean_shortcode_before_top_bar":"","ocean_shortcode_after_top_bar":"","ocean_shortcode_before_header":"","ocean_shortcode_after_header":"","ocean_has_shortcode":"","ocean_shortcode_after_title":"","ocean_shortcode_before_footer_widgets":"","ocean_shortcode_after_footer_widgets":"","ocean_shortcode_before_footer_bottom":"","ocean_shortcode_after_footer_bottom":"","ocean_display_top_bar":"default","ocean_display_header":"default","ocean_header_style":"","ocean_center_header_left_menu":"0","ocean_custom_header_template":"0","ocean_custom_logo":0,"ocean_custom_retina_logo":0,"ocean_custom_logo_max_width":0,"ocean_custom_logo_tablet_max_width":0,"ocean_custom_logo_mobile_max_width":0,"ocean_custom_logo_max_height":0,"ocean_custom_logo_tablet_max_height":0,"ocean_custom_logo_mobile_max_height":0,"ocean_header_custom_menu":"0","ocean_menu_typo_font_family":"0","ocean_menu_typo_font_subset":"","ocean_menu_typo_font_size":0,"ocean_menu_typo_font_size_tablet":0,"ocean_menu_typo_font_size_mobile":0,"ocean_menu_typo_font_size_unit":"px","ocean_menu_typo_font_weight":"","ocean_menu_typo_font_weight_tablet":"","ocean_menu_typo_font_weight_mobile":"","ocean_menu_typo_transform":"","ocean_menu_typo_transform_tablet":"","ocean_menu_typo_transform_mobile":"","ocean_menu_typo_line_height":0,"ocean_menu_typo_line_height_tablet":0,"ocean_menu_typo_line_height_mobile":0,"ocean_menu_typo_line_height_unit":"","ocean_menu_typo_spacing":0,"ocean_menu_typo_spacing_tablet":0,"ocean_menu_typo_spacing_mobile":0,"ocean_menu_typo_spacing_unit":"","ocean_menu_link_color":"","ocean_menu_link_color_hover":"","ocean_menu_link_color_active":"","ocean_menu_link_background":"","ocean_menu_link_hover_background":"","ocean_menu_link_active_background":"","ocean_menu_social_links_bg":"","ocean_menu_social_hover_links_bg":"","ocean_menu_social_links_color":"","ocean_menu_social_hover_links_color":"","ocean_disable_title":"default","ocean_disable_heading":"default","ocean_post_title":"","ocean_post_subheading":"","ocean_post_title_style":"","ocean_post_title_background_color":"","ocean_post_title_background":0,"ocean_post_title_bg_image_position":"","ocean_post_title_bg_image_attachment":"","ocean_post_title_bg_image_repeat":"","ocean_post_title_bg_image_size":"","ocean_post_title_height":0,"ocean_post_title_bg_overlay":0.5,"ocean_post_title_bg_overlay_color":"","ocean_disable_breadcrumbs":"default","ocean_breadcrumbs_color":"","ocean_breadcrumbs_separator_color":"","ocean_breadcrumbs_links_color":"","ocean_breadcrumbs_links_hover_color":"","ocean_display_footer_widgets":"default","ocean_display_footer_bottom":"default","ocean_custom_footer_template":"0","footnotes":""},"wf_page_folders":[],"class_list":["post-34357","page","type-page","status-publish","hentry","entry"],"acf":{"blue_points_f24":"","green_points_f24":"","red_points_f24":"","yellow_points_f24":"","amount_registered_brace":""},"jetpack_sharing_enabled":true,"_links":{"self":[{"href":"https:\/\/bcyclespin.com\/fr\/wp-json\/wp\/v2\/pages\/34357","targetHints":{"allow":["GET"]}}],"collection":[{"href":"https:\/\/bcyclespin.com\/fr\/wp-json\/wp\/v2\/pages"}],"about":[{"href":"https:\/\/bcyclespin.com\/fr\/wp-json\/wp\/v2\/types\/page"}],"author":[{"embeddable":true,"href":"https:\/\/bcyclespin.com\/fr\/wp-json\/wp\/v2\/users\/1"}],"replies":[{"embeddable":true,"href":"https:\/\/bcyclespin.com\/fr\/wp-json\/wp\/v2\/comments?post=34357"}],"version-history":[{"count":5,"href":"https:\/\/bcyclespin.com\/fr\/wp-json\/wp\/v2\/pages\/34357\/revisions"}],"predecessor-version":[{"id":34390,"href":"https:\/\/bcyclespin.com\/fr\/wp-json\/wp\/v2\/pages\/34357\/revisions\/34390"}],"wp:attachment":[{"href":"https:\/\/bcyclespin.com\/fr\/wp-json\/wp\/v2\/media?parent=34357"}],"wp:term":[{"taxonomy":"wf_page_folders","embeddable":true,"href":"https:\/\/bcyclespin.com\/fr\/wp-json\/wp\/v2\/wf_page_folders?post=34357"}],"curies":[{"name":"wp","href":"https:\/\/api.w.org\/{rel}","templated":true}]}}